{"id":445,"date":"2015-11-07T23:04:51","date_gmt":"2015-11-07T21:04:51","guid":{"rendered":"http:\/\/davidirozin.com\/en\/?page_id=445"},"modified":"2020-01-06T10:25:58","modified_gmt":"2020-01-06T08:25:58","slug":"greenhouse-cafe","status":"publish","type":"page","link":"https:\/\/talrozin.com\/en\/greenhouse-cafe\/","title":{"rendered":"Greenhouse Cafe"},"content":{"rendered":"<p>[:he]<\/p>\n<p><strong>Greenhouse Caf\u00e9, Wendy&#8217;s Nursery<\/strong><\/p>\n<p><strong>Shilat 2004<\/strong><\/p>\n<p><strong>Photography: Dror Katz, Tal Rozin <\/strong><\/p>\n<p>Greenhouse caf\u00e9 is a caf\u00e9 and restaurant integrated inside one of Israel&#8217;s largest plant nurseries. The caf\u00e9 was built right under one of the large greenhouse roofs that make up &#8220;Wendy&#8217;s&#8221; plant nursery, using the greenhouse&#8217;s structural elements. The metal columns were covered with wood and large glass walls were erected between them. The northern fa\u00e7ade opens up to a view of a dense garden with local plant life and a waterfall. The space between the PVC tarps and the caf\u00e9&#8217;s ceiling insulates thermally and hides the air-conditioning units. Greenhouse caf\u00e9 enjoys several different dining areas with different microclimates caused by the surrounding plants. Hidden from the street and among the plants is a tasty little &#8220;green&#8221; escape from the city.<\/p>\n<p>[:en]<\/p>\n<h2>Greenhouse caf\u00e9, Wendy&#8217;s nursery, Shilat<\/h2>\n<p><strong>2004, Photos: Dror Katz, Tal Rozin<\/strong> Greenhouse caf\u00e9 is a caf\u00e9 and restaurant integrated inside one of Israel&#8217;s largest plant nurseries. The caf\u00e9 was built right under one of the large greenhouse roofs that make up &#8220;Wendy&#8217;s&#8221; plant nursery, using the greenhouse&#8217;s structural elements. The metal columns were covered with wood and large glass walls were erected between them. The northern fa\u00e7ade opens up to a view of a dense garden with local plant life and a waterfall. The space between the PVC tarps and the caf\u00e9&#8217;s ceiling insulates thermally and hides the air-conditioning units. Greenhouse caf\u00e9 enjoys several different dining areas with different microclimates caused by the surrounding plants. Hidden from the street and among the plants, it is a tasty little &#8220;green&#8221; escape from the city.[:]<\/p>\n","protected":false},"excerpt":{"rendered":"<p>[:he] Greenhouse Caf\u00e9, Wendy&#8217;s Nursery Shilat 2004 Photography: Dror Katz, Tal Rozin Greenhouse caf\u00e9 is a caf\u00e9 and restaurant integrated inside one of Israel&#8217;s largest plant nurseries. The caf\u00e9 was built right under one of the large greenhouse roofs that make up &#8220;Wendy&#8217;s&#8221; plant nursery, using the greenhouse&#8217;s structural elements. The metal columns were covered [&hellip;]<\/p>\n","protected":false},"author":1,"featured_media":2385,"parent":0,"menu_order":25,"comment_status":"closed","ping_status":"closed","template":"gallery.php","meta":{"_acf_changed":false,"footnotes":"","_links_to":"","_links_to_target":""},"categories":[15],"tags":[],"class_list":["post-445","page","type-page","status-publish","has-post-thumbnail","hentry","category-commercial"],"acf":[],"yoast_head":"<!-- This site is optimized with the Yoast SEO plugin v23.3 - https:\/\/yoast.com\/wordpress\/plugins\/seo\/ -->\n<title>Greenhouse Cafe - \u05d0\u05d3\u05e8\u05d9\u05db\u05dc\u05d5\u05ea \u05d5\u05e2\u05d9\u05e6\u05d5\u05d1 \u05e4\u05e0\u05d9\u05dd \u05d8\u05dc \u05e8\u05d5\u05d6\u05d9\u05df : Tal Rozin Architects<\/title>\n<meta name=\"robots\" content=\"index, follow, max-snippet:-1, max-image-preview:large, max-video-preview:-1\" \/>\n<link rel=\"canonical\" href=\"https:\/\/talrozin.com\/en\/greenhouse-cafe\/\" \/>\n<meta property=\"og:locale\" content=\"en_US\" \/>\n<meta property=\"og:type\" content=\"article\" \/>\n<meta property=\"og:title\" content=\"Greenhouse Cafe - \u05d0\u05d3\u05e8\u05d9\u05db\u05dc\u05d5\u05ea \u05d5\u05e2\u05d9\u05e6\u05d5\u05d1 \u05e4\u05e0\u05d9\u05dd \u05d8\u05dc \u05e8\u05d5\u05d6\u05d9\u05df : Tal Rozin Architects\" \/>\n<meta property=\"og:description\" content=\"[:he] Greenhouse Caf\u00e9, Wendy&#8217;s Nursery Shilat 2004 Photography: Dror Katz, Tal Rozin Greenhouse caf\u00e9 is a caf\u00e9 and restaurant integrated inside one of Israel&#8217;s largest plant nurseries. The caf\u00e9 was built right under one of the large greenhouse roofs that make up &#8220;Wendy&#8217;s&#8221; plant nursery, using the greenhouse&#8217;s structural elements. The metal columns were covered [&hellip;]\" \/>\n<meta property=\"og:url\" content=\"https:\/\/talrozin.com\/en\/greenhouse-cafe\/\" \/>\n<meta property=\"og:site_name\" content=\"\u05d0\u05d3\u05e8\u05d9\u05db\u05dc\u05d5\u05ea \u05d5\u05e2\u05d9\u05e6\u05d5\u05d1 \u05e4\u05e0\u05d9\u05dd \u05d8\u05dc \u05e8\u05d5\u05d6\u05d9\u05df : Tal Rozin Architects\" \/>\n<meta property=\"article:modified_time\" content=\"2020-01-06T08:25:58+00:00\" \/>\n<meta property=\"og:image\" content=\"https:\/\/talrozin.com\/en\/wp-content\/uploads\/2020\/01\/18.jpg\" \/>\n\t<meta property=\"og:image:width\" content=\"500\" \/>\n\t<meta property=\"og:image:height\" content=\"351\" \/>\n\t<meta property=\"og:image:type\" content=\"image\/jpeg\" \/>\n<meta name=\"twitter:card\" content=\"summary_large_image\" \/>\n<meta name=\"twitter:label1\" content=\"Est. reading time\" \/>\n\t<meta name=\"twitter:data1\" content=\"1 minute\" \/>\n<script type=\"application\/ld+json\" class=\"yoast-schema-graph\">{\"@context\":\"https:\/\/schema.org\",\"@graph\":[{\"@type\":\"WebPage\",\"@id\":\"https:\/\/talrozin.com\/en\/greenhouse-cafe\/\",\"url\":\"https:\/\/talrozin.com\/en\/greenhouse-cafe\/\",\"name\":\"Greenhouse Cafe - \u05d0\u05d3\u05e8\u05d9\u05db\u05dc\u05d5\u05ea \u05d5\u05e2\u05d9\u05e6\u05d5\u05d1 \u05e4\u05e0\u05d9\u05dd \u05d8\u05dc \u05e8\u05d5\u05d6\u05d9\u05df : Tal Rozin Architects\",\"isPartOf\":{\"@id\":\"https:\/\/talrozin.com\/en\/#website\"},\"primaryImageOfPage\":{\"@id\":\"https:\/\/talrozin.com\/en\/greenhouse-cafe\/#primaryimage\"},\"image\":{\"@id\":\"https:\/\/talrozin.com\/en\/greenhouse-cafe\/#primaryimage\"},\"thumbnailUrl\":\"https:\/\/talrozin.com\/en\/wp-content\/uploads\/2020\/01\/18.jpg\",\"datePublished\":\"2015-11-07T21:04:51+00:00\",\"dateModified\":\"2020-01-06T08:25:58+00:00\",\"breadcrumb\":{\"@id\":\"https:\/\/talrozin.com\/en\/greenhouse-cafe\/#breadcrumb\"},\"inLanguage\":\"en-US\",\"potentialAction\":[{\"@type\":\"ReadAction\",\"target\":[\"https:\/\/talrozin.com\/en\/greenhouse-cafe\/\"]}]},{\"@type\":\"ImageObject\",\"inLanguage\":\"en-US\",\"@id\":\"https:\/\/talrozin.com\/en\/greenhouse-cafe\/#primaryimage\",\"url\":\"https:\/\/talrozin.com\/en\/wp-content\/uploads\/2020\/01\/18.jpg\",\"contentUrl\":\"https:\/\/talrozin.com\/en\/wp-content\/uploads\/2020\/01\/18.jpg\",\"width\":500,\"height\":351},{\"@type\":\"BreadcrumbList\",\"@id\":\"https:\/\/talrozin.com\/en\/greenhouse-cafe\/#breadcrumb\",\"itemListElement\":[{\"@type\":\"ListItem\",\"position\":1,\"name\":\"\u05d3\u05e3 \u05d4\u05d1\u05d9\u05ea\",\"item\":\"https:\/\/talrozin.com\/en\/\"},{\"@type\":\"ListItem\",\"position\":2,\"name\":\"Greenhouse Cafe\"}]},{\"@type\":\"WebSite\",\"@id\":\"https:\/\/talrozin.com\/en\/#website\",\"url\":\"https:\/\/talrozin.com\/en\/\",\"name\":\"\u05d0\u05d3\u05e8\u05d9\u05db\u05dc\u05d5\u05ea \u05d5\u05e2\u05d9\u05e6\u05d5\u05d1 \u05e4\u05e0\u05d9\u05dd \u05d8\u05dc \u05e8\u05d5\u05d6\u05d9\u05df : Tal Rozin Architects\",\"description\":\"\u05de\u05e9\u05e8\u05d3 \u05d0\u05d3\u05e8\u05d9\u05db\u05dc\u05d9\u05dd \u05d8\u05dc \u05e8\u05d5\u05d6\u05d9\u05df \u05d0\u05d3\u05e8\u05d9\u05db\u05dc\u05d5\u05ea \u05d1\u05ea\u05dc \u05d0\u05d1\u05d9\u05d1\",\"potentialAction\":[{\"@type\":\"SearchAction\",\"target\":{\"@type\":\"EntryPoint\",\"urlTemplate\":\"https:\/\/talrozin.com\/en\/?s={search_term_string}\"},\"query-input\":\"required name=search_term_string\"}],\"inLanguage\":\"en-US\"}]}<\/script>\n<!-- \/ Yoast SEO plugin. -->","yoast_head_json":{"title":"Greenhouse Cafe - \u05d0\u05d3\u05e8\u05d9\u05db\u05dc\u05d5\u05ea \u05d5\u05e2\u05d9\u05e6\u05d5\u05d1 \u05e4\u05e0\u05d9\u05dd \u05d8\u05dc \u05e8\u05d5\u05d6\u05d9\u05df : Tal Rozin Architects","robots":{"index":"index","follow":"follow","max-snippet":"max-snippet:-1","max-image-preview":"max-image-preview:large","max-video-preview":"max-video-preview:-1"},"canonical":"https:\/\/talrozin.com\/en\/greenhouse-cafe\/","og_locale":"en_US","og_type":"article","og_title":"Greenhouse Cafe - \u05d0\u05d3\u05e8\u05d9\u05db\u05dc\u05d5\u05ea \u05d5\u05e2\u05d9\u05e6\u05d5\u05d1 \u05e4\u05e0\u05d9\u05dd \u05d8\u05dc \u05e8\u05d5\u05d6\u05d9\u05df : Tal Rozin Architects","og_description":"[:he] Greenhouse Caf\u00e9, Wendy&#8217;s Nursery Shilat 2004 Photography: Dror Katz, Tal Rozin Greenhouse caf\u00e9 is a caf\u00e9 and restaurant integrated inside one of Israel&#8217;s largest plant nurseries. The caf\u00e9 was built right under one of the large greenhouse roofs that make up &#8220;Wendy&#8217;s&#8221; plant nursery, using the greenhouse&#8217;s structural elements. The metal columns were covered [&hellip;]","og_url":"https:\/\/talrozin.com\/en\/greenhouse-cafe\/","og_site_name":"\u05d0\u05d3\u05e8\u05d9\u05db\u05dc\u05d5\u05ea \u05d5\u05e2\u05d9\u05e6\u05d5\u05d1 \u05e4\u05e0\u05d9\u05dd \u05d8\u05dc \u05e8\u05d5\u05d6\u05d9\u05df : Tal Rozin Architects","article_modified_time":"2020-01-06T08:25:58+00:00","og_image":[{"width":500,"height":351,"url":"https:\/\/talrozin.com\/en\/wp-content\/uploads\/2020\/01\/18.jpg","type":"image\/jpeg"}],"twitter_card":"summary_large_image","twitter_misc":{"Est. reading time":"1 minute"},"schema":{"@context":"https:\/\/schema.org","@graph":[{"@type":"WebPage","@id":"https:\/\/talrozin.com\/en\/greenhouse-cafe\/","url":"https:\/\/talrozin.com\/en\/greenhouse-cafe\/","name":"Greenhouse Cafe - \u05d0\u05d3\u05e8\u05d9\u05db\u05dc\u05d5\u05ea \u05d5\u05e2\u05d9\u05e6\u05d5\u05d1 \u05e4\u05e0\u05d9\u05dd \u05d8\u05dc \u05e8\u05d5\u05d6\u05d9\u05df : Tal Rozin Architects","isPartOf":{"@id":"https:\/\/talrozin.com\/en\/#website"},"primaryImageOfPage":{"@id":"https:\/\/talrozin.com\/en\/greenhouse-cafe\/#primaryimage"},"image":{"@id":"https:\/\/talrozin.com\/en\/greenhouse-cafe\/#primaryimage"},"thumbnailUrl":"https:\/\/talrozin.com\/en\/wp-content\/uploads\/2020\/01\/18.jpg","datePublished":"2015-11-07T21:04:51+00:00","dateModified":"2020-01-06T08:25:58+00:00","breadcrumb":{"@id":"https:\/\/talrozin.com\/en\/greenhouse-cafe\/#breadcrumb"},"inLanguage":"en-US","potentialAction":[{"@type":"ReadAction","target":["https:\/\/talrozin.com\/en\/greenhouse-cafe\/"]}]},{"@type":"ImageObject","inLanguage":"en-US","@id":"https:\/\/talrozin.com\/en\/greenhouse-cafe\/#primaryimage","url":"https:\/\/talrozin.com\/en\/wp-content\/uploads\/2020\/01\/18.jpg","contentUrl":"https:\/\/talrozin.com\/en\/wp-content\/uploads\/2020\/01\/18.jpg","width":500,"height":351},{"@type":"BreadcrumbList","@id":"https:\/\/talrozin.com\/en\/greenhouse-cafe\/#breadcrumb","itemListElement":[{"@type":"ListItem","position":1,"name":"\u05d3\u05e3 \u05d4\u05d1\u05d9\u05ea","item":"https:\/\/talrozin.com\/en\/"},{"@type":"ListItem","position":2,"name":"Greenhouse Cafe"}]},{"@type":"WebSite","@id":"https:\/\/talrozin.com\/en\/#website","url":"https:\/\/talrozin.com\/en\/","name":"\u05d0\u05d3\u05e8\u05d9\u05db\u05dc\u05d5\u05ea \u05d5\u05e2\u05d9\u05e6\u05d5\u05d1 \u05e4\u05e0\u05d9\u05dd \u05d8\u05dc \u05e8\u05d5\u05d6\u05d9\u05df : Tal Rozin Architects","description":"\u05de\u05e9\u05e8\u05d3 \u05d0\u05d3\u05e8\u05d9\u05db\u05dc\u05d9\u05dd \u05d8\u05dc \u05e8\u05d5\u05d6\u05d9\u05df \u05d0\u05d3\u05e8\u05d9\u05db\u05dc\u05d5\u05ea \u05d1\u05ea\u05dc \u05d0\u05d1\u05d9\u05d1","potentialAction":[{"@type":"SearchAction","target":{"@type":"EntryPoint","urlTemplate":"https:\/\/talrozin.com\/en\/?s={search_term_string}"},"query-input":"required name=search_term_string"}],"inLanguage":"en-US"}]}},"_links":{"self":[{"href":"https:\/\/talrozin.com\/en\/wp-json\/wp\/v2\/pages\/445"}],"collection":[{"href":"https:\/\/talrozin.com\/en\/wp-json\/wp\/v2\/pages"}],"about":[{"href":"https:\/\/talrozin.com\/en\/wp-json\/wp\/v2\/types\/page"}],"author":[{"embeddable":true,"href":"https:\/\/talrozin.com\/en\/wp-json\/wp\/v2\/users\/1"}],"replies":[{"embeddable":true,"href":"https:\/\/talrozin.com\/en\/wp-json\/wp\/v2\/comments?post=445"}],"version-history":[{"count":12,"href":"https:\/\/talrozin.com\/en\/wp-json\/wp\/v2\/pages\/445\/revisions"}],"predecessor-version":[{"id":2396,"href":"https:\/\/talrozin.com\/en\/wp-json\/wp\/v2\/pages\/445\/revisions\/2396"}],"wp:featuredmedia":[{"embeddable":true,"href":"https:\/\/talrozin.com\/en\/wp-json\/wp\/v2\/media\/2385"}],"wp:attachment":[{"href":"https:\/\/talrozin.com\/en\/wp-json\/wp\/v2\/media?parent=445"}],"wp:term":[{"taxonomy":"category","embeddable":true,"href":"https:\/\/talrozin.com\/en\/wp-json\/wp\/v2\/categories?post=445"},{"taxonomy":"post_tag","embeddable":true,"href":"https:\/\/talrozin.com\/en\/wp-json\/wp\/v2\/tags?post=445"}],"curies":[{"name":"wp","href":"https:\/\/api.w.org\/{rel}","templated":true}]}}